{"id":26,"date":"2024-11-02T11:28:40","date_gmt":"2024-11-02T10:28:40","guid":{"rendered":"http:\/\/svlaw.es\/?page_id=26"},"modified":"2024-11-02T11:28:40","modified_gmt":"2024-11-02T10:28:40","slug":"politica-de-privacidad","status":"publish","type":"page","link":"https:\/\/svlaw.es\/index.php\/politica-de-privacidad\/","title":{"rendered":"POL\u00cdTICA DE PRIVACIDAD"},"content":{"rendered":"\n<p>A trav\u00e9s de este documento se regula el tratamiento de los datos personales facilitados por los usuarios, visitantes e interesados en los servicios ofrecidos por esta p\u00e1gina web.<\/p>\n\n\n\n<p>La navegaci\u00f3n del usuario en nuestra Web implica que el usuario acepta y se obliga a cumplir con los t\u00e9rminos y condiciones recogidos tanto en la presente Pol\u00edtica de Privacidad, como en las disposiciones contenidas en el Aviso Legal y en la pol\u00edtica de cookies.<\/p>\n\n\n\n<p>Asimismo, consideramos que el usuario haya valida y expresamente prestado su consentimiento para los tratamientos realizados de conformidad con el Reglamento (UE) 2016\/679 del Parlamento Europeo y del Consejo, de 27 de abril de 2016, la Ley Org\u00e1nica 3\/2018, de 5 de diciembre, de Protecci\u00f3n de Datos Personales y garant\u00eda de los derechos digitales. Ley Org\u00e1nica 7\/2021, de 26 de mayo, de protecci\u00f3n de datos personales (Reglamento General sobre Protecci\u00f3n de Datos &#8211; \u00abRGPD\u00bb), de la restante legislaci\u00f3n de protecci\u00f3n de datos personales y de la Ley 34\/2002, de 11 de julio, de servicios de la sociedad de la informaci\u00f3n y de comercio electr\u00f3nico.<\/p>\n\n\n\n<p>En cumplimiento con la obligaci\u00f3n de proporcionar al usuario un conocimiento sencillo y claro sobre todos los tratamientos que su navegaci\u00f3n en nuestra web pueda comportar en la presente Pol\u00edtica de Privacidad damos a conocer que datos recogemos, como se recogen y como se tratan los datos de car\u00e1cter personal recabados.<\/p>\n\n\n\n<p>Aconsejamos revisar puntualmente la Pol\u00edtica de Privacidad en cuanto \u00e9sta puede sufrir modificaciones en funci\u00f3n de novedades o exigencias legislativas y jurisprudenciales o por necesidades de negocio.<\/p>\n\n\n\n<p><strong>RESPONSABLES DEL TRATAMIENTO<\/strong><\/p>\n\n\n\n<p>El responsable del tratamiento es<\/p>\n\n\n\n<p>SVLAW (A.SINI VARCHETTA)<\/p>\n\n\n\n<p>ABOGADO<\/p>\n\n\n\n<p>Domicilio: C. General Mendoza 26<\/p>\n\n\n\n<p>SVLAW garantiza la m\u00e1s estricta confidencialidad por parte de sus trabajadores y\/o colaboradores y\/o prestadores con acceso, de los datos de car\u00e1cter personal facilitados y el cumplimiento de todas las medidas de seguridad previstas por la vigente normativa.<\/p>\n\n\n\n<p>En caso de proporcionar informaci\u00f3n el usuario declara que la informaci\u00f3n y los datos que en ellos ha facilitado son exactos y veraces. Para que la informaci\u00f3n facilitada est\u00e9 siempre actualizada y no contenga errores, el Usuario deber\u00e1 comunicar, a la mayor brevedad posible, las modificaciones de sus datos de car\u00e1cter personal que se vayan produciendo, as\u00ed como las eventuales rectificaciones de datos err\u00f3neos.<\/p>\n\n\n\n<p>DOMINIOS: Pertenecen a SVLAW los siguientes dominios:<\/p>\n\n\n\n<ul class=\"wp-block-list\">\n<li><a href=\"http:\/\/www.svlaw.es\">www.svlaw.es<\/a><\/li>\n\n\n\n<li>\u00a0<\/li>\n<\/ul>\n\n\n\n<p><strong>TRATAMIENTOS DE DATOS , FINALIDAD Y POLITICA DE CANCELACI\u00d3N<\/strong><\/p>\n\n\n\n<p><strong>DATOS DE PACIENTES:<\/strong><\/p>\n\n\n\n<figure class=\"wp-block-table\"><table class=\"has-fixed-layout\"><tbody><tr><td>CATEGOR\u00cdAS DE DATOS<\/td><td>DATOS TRATADOS<\/td><td>FINALIDAD DEL TRATAMIENTO<\/td><\/tr><tr><td>1.- Datos de identificaci\u00f3n y contacto<\/td><td>Datos de contacto (Nombre y apellidos, tel\u00e9fono, mail, domicilio, ciudad, CP)&nbsp;<\/td><td>Facturaci\u00f3n, elaboraci\u00f3n de presupuestos, realizaci\u00f3n de estudio,<\/td><\/tr><tr><td>2.- Datos de EXPEDIENTES (civiles y penales)<\/td><td>Datos relacionados con los tratamientos realizados<\/td><td>Se tratar\u00e1n para proporcionar nuestros servicios<\/td><\/tr><tr><td>4.- OTROS NIVEL ALTO<\/td><td>Datos de antecedentes penales<\/td><td>Para la realizaci\u00f3n de los servicios contratados.<\/td><\/tr><\/tbody><\/table><\/figure>\n\n\n\n<p>PLAZO DE CANCELACI\u00d3N: LOS DATOS &nbsp;DEL APARTADO 1 Y 3 SE GUARDAR\u00c1N CINCO A\u00d1OS TRAS CESAR LA RELACI\u00d3N DE COLABORACI\u00d3N\/FACTURACI\u00d3N<\/p>\n\n\n\n<p>LOS DATOS DEL APARTADO 2 y 4 SE GUARDAR\u00c1N conforme lo establecido por la Ley 21\/2000 de Catalu\u00f1a por un plazo de 15 a\u00f1os.<\/p>\n\n\n\n<p>BASE &nbsp;DEL TRATAMIENTO: Consentimiento libre e informado, inter\u00e9s legitimo.<\/p>\n\n\n\n<p>CESI\u00d3N DE DATOS: Los datos no se ceder\u00e1n a tercero.<\/p>\n\n\n\n<p>ACCESO A DATOS POR PARTE DE TERCEROS : Los colaboradores de la empresa, personal sanitario, auxiliares de enfermer\u00eda y colaboradores colegiados podr\u00e1n acceder a los datos para la realizaci\u00f3n de los tratamientos y servicios contratados.<\/p>\n\n\n\n<p><strong>DATOS DE CLIENTES POTENCIALES:<\/strong><\/p>\n\n\n\n<figure class=\"wp-block-table\"><table class=\"has-fixed-layout\"><tbody><tr><td>CATEGOR\u00cdAS DE DATOS<\/td><td>DATOS TRATADOS<\/td><td>FINALIDAD DEL TRATAMIENTO<\/td><\/tr><tr><td>Datos de identificaci\u00f3n y contactos<\/td><td>Datos de contacto (Nombre y apellidos, tel\u00e9fono, mail, fax, domicilio, ciudad, CP,)&nbsp;<\/td><td>Se tratar\u00e1n para la elaboraci\u00f3n de presupuestos- &nbsp;<\/td><\/tr><\/tbody><\/table><\/figure>\n\n\n\n<p>PLAZO DE CANCELACI\u00d3N: LOS DATOS SE GUARDAR\u00c1N TRES A\u00d1OS<\/p>\n\n\n\n<p>BASE&nbsp; DEL TRATAMIENTO: Consentimiento libre e informado, inter\u00e9s legitimo<\/p>\n\n\n\n<p><strong>DATOS DE CANDIDATOS PARA PROCESOS DE SELECCI\u00d3N DE PERSONAL:<\/strong><\/p>\n\n\n\n<figure class=\"wp-block-table\"><table class=\"has-fixed-layout\"><tbody><tr><td>CATEGOR\u00cdAS DE DATOS<\/td><td>DATOS TRATADOS<\/td><td>FINALIDAD DEL TRATAMIENTO<\/td><\/tr><tr><td>Datos de identificaci\u00f3n y contactos<\/td><td>Datos de contacto (Nombre y apellidos, DNI, ,sexo, direcci\u00f3n, tel\u00e9fono, mail, fecha y lugar de nacimiento)&nbsp;&nbsp;<\/td><td rowspan=\"5\">Gesti\u00f3n CV y selecci\u00f3n de personal, &nbsp;<\/td><\/tr><tr><td>Datos relativos a la formaci\u00f3n<\/td><td>T\u00edtulos de estudio.<\/td><\/tr><tr><td>Datos relativos a la situaci\u00f3n profesional<\/td><td>Experiencia profesional, ocupaci\u00f3n actual, actividad desarrollada en \u00faltimos 5 a\u00f1os<\/td><\/tr><tr><td>OTROS<\/td><td>Idiomas, conocimientos inform\u00e1ticos, carnet de conducir, permiso de trabajo, veh\u00edculo propio.<\/td><\/tr><tr><td>Campos libres<\/td><td>Hobbies y aficiones (eventuales)<\/td><\/tr><\/tbody><\/table><\/figure>\n\n\n\n<p>PLAZO DE CANCELACI\u00d3N: LOS DATOS SE GUARDAR\u00c1N UN A\u00d1O<\/p>\n\n\n\n<p>BASE&nbsp; DEL TRATAMIENTO: Consentimiento libre e informado.<\/p>\n\n\n\n<p><strong>DATOS DE COLABORADORES<\/strong><\/p>\n\n\n\n<figure class=\"wp-block-table\"><table class=\"has-fixed-layout\"><tbody><tr><td>CATEGOR\u00cdAS DE DATOS<\/td><td>DATOS TRATADOS<\/td><td>FINALIDAD DEL TRATAMIENTO<\/td><\/tr><tr><td>Datos de identificaci\u00f3n y contactos<\/td><td>Datos de contacto (Nombre y apellidos, tel\u00e9fono, mail, domicilio, ciudad, CP, DNI\/NIE)&nbsp;<\/td><td rowspan=\"2\">COLABORACI\u00d3N PROFESIONAL<\/td><\/tr><tr><td>&nbsp;<\/td><td>&nbsp;<\/td><\/tr><tr><td>Datos relativos a la formaci\u00f3n<\/td><td>T\u00edtulos de estudio.<\/td><td>&nbsp;<\/td><\/tr><tr><td>Datos relativos a la situaci\u00f3n profesional<\/td><td>Experiencia profesional, ocupaci\u00f3n actual, actividad desarrollada en \u00faltimos 5 a\u00f1os<\/td><td>&nbsp;<\/td><\/tr><tr><td>OTROS<\/td><td>Idiomas, conocimientos inform\u00e1ticos, carnet de conducir, permiso de trabajo, veh\u00edculo propio.<\/td><td>&nbsp;<\/td><\/tr><\/tbody><\/table><\/figure>\n\n\n\n<p>PLAZO DE CANCELACI\u00d3N: LOS DATOS SE GUARDAR\u00c1N UN A\u00d1O<\/p>\n\n\n\n<p>BASE&nbsp; DEL TRATAMIENTO: Consentimiento libre e informado.<\/p>\n\n\n\n<p><strong>DATOS DE NAVEGACI\u00d3N<\/strong><\/p>\n\n\n\n<p>SVLAW &nbsp;utiliza cookies de rastreo, para gestionar su navegaci\u00f3n a trav\u00e9s de nuestros dominios Web, para m\u00e1s detalles revisar nuestra pol\u00edtica de cookies<\/p>\n\n\n\n<p><strong>INFORMACI\u00d3N Y CONSENTIMIENTO LSSICE<\/strong><\/p>\n\n\n\n<h3 class=\"wp-block-heading\">Le informamos que seg\u00fan establecido por el art. 21.2 de la Ley 34\/2002, de 11 de julio, de servicios de la sociedad de la informaci\u00f3n y de comercio electr\u00f3nico svlaw &nbsp;podr\u00e1 enviarle informaciones comerciales sobre bienes y servicios de su inter\u00e9s.<\/h3>\n\n\n\n<p>La navegaci\u00f3n del usuario implica su aceptaci\u00f3n para la realizaci\u00f3n de todos los tratamientos establecidos en las condiciones legales establecidas por ABRU DENTAL S.L.P. &nbsp;sea esas contenidas en el Aviso Legal, en la Pol\u00edtica de Privacidad o en la Pol\u00edtica de cookies.<\/p>\n\n\n\n<p>Vd podr\u00e1 en cualquier momento revocar su consentimiento mediante el env\u00edo de la notificaci\u00f3n pertinente al mail indicado en el apartado de contactos. La solicitud ser\u00e1 atendida a la mayor brevedad posible y de todas formas dentro de los primeros 15 d\u00edas posteriores a su manifestaci\u00f3n.<\/p>\n\n\n\n<p><strong>CESI\u00d3N DE DATOS PERSONALES<\/strong><\/p>\n\n\n\n<p>SVLAW no ceder\u00e1 datos personales a terceros, salvo que la cesi\u00f3n de sus datos fuese necesaria para el mantenimiento de la relaci\u00f3n con el Usuario, y para prestarle servicio, o exista una obligaci\u00f3n legal.<\/p>\n\n\n\n<p>Las comunicaciones&nbsp; a terceros colaboradores o prestadores de servicio tienen la consideraci\u00f3n de transmisi\u00f3n de datos amparadas en un inter\u00e9s leg\u00edtimo (RGPD 48)<\/p>\n\n\n\n<p>En caso de contar con Prestadores de servicio que necesitan tratar sus datos se garantiza la protecci\u00f3n y seguridad de los mismos con la aplicaci\u00f3n de las medidas de seguridad establecida por el RGPD.<\/p>\n\n\n\n<p><strong>CONFIDENCIALIDAD Y SEGURIDAD<\/strong><\/p>\n\n\n\n<p>Los datos personales ser\u00e1n tratados con absoluta confidencialidad, comprometi\u00e9ndonos a guardar secreto respecto de los mismos y garantizando el deber de guardarlos adoptando todas las medidas necesarias que eviten su alteraci\u00f3n, p\u00e9rdida y tratamiento o acceso no autorizado, de acuerdo con lo establecido en la legislaci\u00f3n aplicable.<\/p>\n\n\n\n<p>SVLAW ha implementado y mantiene los m\u00e1s altos niveles de seguridad exigidos por la Ley para proteger los datos de car\u00e1cter personal del Usuario frente a p\u00e9rdidas fortuitas y a accesos, tratamientos o revelaciones no autorizados, habida cuenta del estado de la tecnolog\u00eda, la naturaleza de los datos almacenados y los riesgos a que est\u00e1n expuestos.<\/p>\n\n\n\n<p>Para cualquier duda relacionada con la presente Pol\u00edtica de Privacidad, el Usuario podr\u00e1 ponerse en contacto con el DELEGADO LOCAL DE PROTECCI\u00d3N DE DATOS a trav\u00e9s de esas mismas direcciones <a href=\"mailto:info@svlaw.es\">info@svlaw.es<\/a><\/p>\n\n\n\n<p><strong>MENORES<\/strong><\/p>\n\n\n\n<p>Los menores de 18 a\u00f1os no podr\u00e1n usar los servicios disponibles a trav\u00e9s del Sitio Web sin la previa autorizaci\u00f3n de sus padres, tutores o representantes legales, quienes ser\u00e1n responsables de todos los actos realizados a trav\u00e9s del Sitio Web por los menores a su cargo.<\/p>\n\n\n\n<p><strong>EJERCICIO DE DERECHOS<\/strong><\/p>\n\n\n\n<p>Vd podr\u00e1 realizar en cualquier momento sus derechos de acceso, rectificaci\u00f3n, oposici\u00f3n, supresi\u00f3n, portabilidad y limitaci\u00f3n del tratamiento. Puede ejercer los derechos que le otorga el Reglamento en nuestra direcci\u00f3n electr\u00f3nica <a href=\"mailto:info@svlaw.es\">info@svlaw.es<\/a><\/p>\n\n\n\n<p>Adem\u00e1s, tendr\u00e1 derecho a presentar una reclamaci\u00f3n ante la autoridad de control pertinente (Agencia Espa\u00f1ola de Protecci\u00f3n de Datos)<em>Texto legal realizado por <a href=\"http:\/\/www.swlaw.es\">www.swlaw.es<\/a> &nbsp;al que pertenecen todos los derechos de propiedad intelectual, se proh\u00edbe expresamente la reproducci\u00f3n de los mis<\/em><\/p>\n","protected":false},"excerpt":{"rendered":"<p>A trav\u00e9s de este documento se regula el tratamiento de los datos personales facilitados por los usuarios, visitantes e interesados en los servicios ofrecidos por esta p\u00e1gina web. La navegaci\u00f3n del usuario en nuestra Web implica que el usuario acepta y se obliga a cumplir con los t\u00e9rminos y condiciones recogidos tanto en la presente [&hellip;]<\/p>\n","protected":false},"author":1,"featured_media":0,"parent":0,"menu_order":0,"comment_status":"closed","ping_status":"closed","template":"","meta":{"footnotes":""},"class_list":["post-26","page","type-page","status-publish","hentry"],"_links":{"self":[{"href":"https:\/\/svlaw.es\/index.php\/wp-json\/wp\/v2\/pages\/26","targetHints":{"allow":["GET"]}}],"collection":[{"href":"https:\/\/svlaw.es\/index.php\/wp-json\/wp\/v2\/pages"}],"about":[{"href":"https:\/\/svlaw.es\/index.php\/wp-json\/wp\/v2\/types\/page"}],"author":[{"embeddable":true,"href":"https:\/\/svlaw.es\/index.php\/wp-json\/wp\/v2\/users\/1"}],"replies":[{"embeddable":true,"href":"https:\/\/svlaw.es\/index.php\/wp-json\/wp\/v2\/comments?post=26"}],"version-history":[{"count":1,"href":"https:\/\/svlaw.es\/index.php\/wp-json\/wp\/v2\/pages\/26\/revisions"}],"predecessor-version":[{"id":27,"href":"https:\/\/svlaw.es\/index.php\/wp-json\/wp\/v2\/pages\/26\/revisions\/27"}],"wp:attachment":[{"href":"https:\/\/svlaw.es\/index.php\/wp-json\/wp\/v2\/media?parent=26"}],"curies":[{"name":"wp","href":"https:\/\/api.w.org\/{rel}","templated":true}]}}