{"id":24,"date":"2024-11-02T11:22:26","date_gmt":"2024-11-02T10:22:26","guid":{"rendered":"http:\/\/svlaw.es\/?page_id=24"},"modified":"2024-11-02T11:22:26","modified_gmt":"2024-11-02T10:22:26","slug":"aviso-legal","status":"publish","type":"page","link":"https:\/\/svlaw.es\/index.php\/aviso-legal\/","title":{"rendered":"AVISO LEGAL"},"content":{"rendered":"\n<p><em>&nbsp;<strong>Identificaci\u00f3n de la empresa (Directiva UE &nbsp;2017\/1132 S. 2 y 3)<\/strong><\/em><\/p>\n\n\n\n<p><em>&nbsp;&nbsp; Raz\u00f3n Social : &nbsp;SVLAW (ALEX S.V.)<\/em><\/p>\n\n\n\n<p><em>&nbsp;&nbsp; ICAB: 35290 \u2013 ABOGADO COLEGIADO<\/em><\/p>\n\n\n\n<p><em>&nbsp;&nbsp;&nbsp; Domicilio: C\/ General Mendoza 26<\/em><\/p>\n\n\n\n<p><em>Resulta ser titular de los siguientes dominios:<\/em><\/p>\n\n\n\n<p><em>www.<a href=\"http:\/\/abellarubioclinicadental.cat\">svlaw.es<\/a><\/em><\/p>\n\n\n\n<p><strong><em>Datos de contacto:<\/em><\/strong><\/p>\n\n\n\n<p><em>Telf: 932655131<\/em><\/p>\n\n\n\n<p><em>E-mail: <a href=\"mailto:info@svlaw.es\">info@svlaw.es<\/a><\/em><em><\/em><\/p>\n\n\n\n<p><strong><em>Condiciones de uso<\/em><\/strong><\/p>\n\n\n\n<p><em>El presente<\/em>&nbsp;aviso&nbsp;<em>legal es un acuerdo<\/em>&nbsp;legal&nbsp;<em>entre el usuario y SVLAW, el acceso y el uso de los contenidos de la p\u00e1gina, el env\u00edo de los datos y la permanencia en esta p\u00e1gina implica la aceptaci\u00f3n sin reservas de las condiciones del presente aviso legal.<\/em><\/p>\n\n\n\n<p><em>SVLAW se reserva el derecho unilateral de modificar las condiciones de acceso a la web, as\u00ed como los contenidos en ella incluidos o las condiciones de uso recogidas en este documento.<\/em><\/p>\n\n\n\n<h2 class=\"wp-block-heading\"><em>&nbsp;<\/em><\/h2>\n\n\n\n<h2 class=\"wp-block-heading\"><em>Limitaci\u00f3n de responsabilidad<\/em><\/h2>\n\n\n\n<h2 class=\"wp-block-heading\"><em>&nbsp;<\/em><\/h2>\n\n\n\n<p><em>El contenido de esta web es de car\u00e1cter general y tiene una finalidad y efectos exclusivamente informativos. SVLAW rechaza la responsabilidad sobre cualquier informaci\u00f3n no elaborada por ella o no publicada de forma autorizada por ella bajo su nombre, al igual que la responsabilidad que se derive de la mala utilizaci\u00f3n por terceros de los contenidos, as\u00ed como se reserva el derecho a actualizarlos, a eliminarlos, limitarlos o bloquear-los, de manera temporal o definitiva.<\/em><\/p>\n\n\n\n<p><em>El usuario exonera a SVLAW de cualquier responsabilidad que pudiera derivarse de las interrupciones de disponibilidad de la p\u00e1gina web. SVLAW declina cualquier responsabilidad relacionada con el acceso y utilizaci\u00f3n de los enlaces a otras webs facilitados en esta web.<\/em><\/p>\n\n\n\n<h2 class=\"wp-block-heading\"><em>Propiedad intelectual e industrial<\/em><\/h2>\n\n\n\n<h2 class=\"wp-block-heading\"><em>&nbsp;<\/em><\/h2>\n\n\n\n<p><em>Los contenidos de esta web: texto, im\u00e1genes, marcas, logotipos archivos de audio y video, combinaciones de colores, se encuentra protegido por las leyes espa\u00f1olas e internacionales sobre derecho de propiedad Intelectual. Salvo que no se indique expresamente, los derechos de propiedad intelectual sobre estos contenidos corresponden en exclusiva a SVLAW El usuario reconoce que el uso de los contenidos queda estrictamente limitado a finalidades personales del propio usuario y que la reproducci\u00f3n, distribuci\u00f3n, comunicaci\u00f3n o transformaci\u00f3n no expresamente autorizada de tales obras constituye una infracci\u00f3n de los derechos de propiedad intelectual.<\/em><\/p>\n\n\n\n<p><em>El usuario se obliga a utilizar los contenidos de forma correcta y l\u00edcita y se compromete a abstenerse de suprimir, eludir o manipular el \u00abcopyright\u00bb y dem\u00e1s datos identificativos de los derechos de SVLAW Asimismo, el usuario se abstendr\u00e1 de emplear los contenidos y, en particular, la informaci\u00f3n de cualquier clase obtenida a trav\u00e9s de la web para remitir publicidad, comunicaciones con fines de venta directa o con cualquier otra clase de finalidad comercial, mensajes no solicitados dirigidos a una pluralidad de personas con independencia de su finalidad, as\u00ed como a abstenerse de comercializar o divulgar de cualquier modo dicha informaci\u00f3n.<\/em><\/p>\n\n\n\n<h2 class=\"wp-block-heading\"><em>Pol\u00edtica para enlazar a esta web<\/em><\/h2>\n\n\n\n<h2 class=\"wp-block-heading\"><em>&nbsp;<\/em><\/h2>\n\n\n\n<p><em>Si cualquier usuario, entidad o p\u00e1gina web deseara establecer alg\u00fan tipo de enlace con destino a la web de SVLAW debe solicitar autorizaci\u00f3n previamente a la realizaci\u00f3n del enlace.<\/em><\/p>\n\n\n\n<p><em>El enlace no contendr\u00e1 ninguna marca, nombre comercial, logotipo u otros signos distintivos pertenecientes a SVLAW<\/em><\/p>\n\n\n\n<p><em>Bajo ninguna circunstancia, SVLAW ser\u00e1 responsable de los contenidos o servicios puestos a disposici\u00f3n del p\u00fablico en la p\u00e1gina web desde la que se realice el hiperenlace ni de las informaciones o manifestaciones incluidas en las mismas.<\/em><\/p>\n\n\n\n<h2 class=\"wp-block-heading\"><em>Consejos de seguridad en el uso de Internet<\/em><\/h2>\n\n\n\n<h2 class=\"wp-block-heading\"><em>&nbsp;<\/em><\/h2>\n\n\n\n<p><em>Con el objetivo de incrementar su seguridad en el uso de Internet, le ofrecemos las siguientes recomendaciones:<\/em><\/p>\n\n\n\n<ol class=\"wp-block-list\">\n<li><em>No abra mensajes de correo electr\u00f3nico de origen desconocido, y tampoco los archivos adjuntos incluidos ya que pueden contener virus y otros programas malintencionados.<\/em><\/li>\n\n\n\n<li><em>Muchos programas de correo disponen de m\u00f3dulos para la eliminaci\u00f3n autom\u00e1tica de correo electr\u00f3nico no deseado (SPAM).<\/em><\/li>\n\n\n\n<li><em>Instale un programa antivirus y mant\u00e9ngalo actualizado constantemente.<\/em><\/li>\n\n\n\n<li><em>No facilite sus datos personales si no se trata de una p\u00e1gina web de confianza. Los datos financieros (tarjeta de cr\u00e9dito, entre otros) solo deben proporcionarse en entornos web seguros (protocolo https).<\/em><\/li>\n\n\n\n<li><em>No utilice contrase\u00f1as f\u00e1ciles de adivinar. No reutilice la misma contrase\u00f1a en diferentes p\u00e1ginas. No guarde las contrase\u00f1as escritas en documentos de su ordenador.<\/em><\/li>\n\n\n\n<li><em>Verifique peri\u00f3dicamente que su sistema operativo est\u00e1 actualizado contra las \u00faltimas vulnerabilidades detectadas.<\/em><\/li>\n\n\n\n<li><em>Mantenga siempre actualizado su software de Internet (navegador, correo electr\u00f3nico, clientes de mensajer\u00eda).<\/em><\/li>\n\n\n\n<li><em>Instale un software cortafuegos para impedir ataques a su ordenador (algunos sistemas operativos incluyen cortafuegos de manera gratuito).<\/em><\/li>\n\n\n\n<li><em>Realice, de manera peri\u00f3dica, copia de seguridad en soporte externo (diskette, CD, pen drive, etc) de los documentos importantes de su ordenador.<\/em><\/li>\n<\/ol>\n\n\n\n<h2 class=\"wp-block-heading\"><em>Configuraci\u00f3n de privacidad de su navegador: Media (aconsejada)<\/em><\/h2>\n\n\n\n<h2 class=\"wp-block-heading\"><em>&nbsp;<\/em><\/h2>\n\n\n\n<h3 class=\"wp-block-heading\"><em>SVLAW<\/em><em> <\/em><em>le recomienda impostar la configuraci\u00f3n de privacidad de su navegador a un nivel medio. Este nivel permite las siguientes acciones:<\/em><\/h3>\n\n\n\n<h3 class=\"wp-block-heading\">\u00b7&nbsp;&nbsp;&nbsp;&nbsp;&nbsp;&nbsp;&nbsp; <em>Bloquea cookies de terceros que no tiene una directiva de privacidad s\u00f3lida<\/em><\/h3>\n\n\n\n<h3 class=\"wp-block-heading\">\u00b7&nbsp;&nbsp;&nbsp;&nbsp;&nbsp;&nbsp;&nbsp; <em>Bloquea cookies de terceros que usan informaci\u00f3n personal de identificaci\u00f3n sin consentimiento explicito<\/em><\/h3>\n\n\n\n<h3 class=\"wp-block-heading\">\u00b7&nbsp;&nbsp;&nbsp;&nbsp;&nbsp;&nbsp;&nbsp; <em>Restringe cookies internas que usan informaci\u00f3n personal de intensificaci\u00f3n sin su consentimiento explicito.<\/em><\/h3>\n\n\n\n<h3 class=\"wp-block-heading\">Pol\u00edtica de privacidad y protecci\u00f3n de datos<\/h3>\n\n\n\n<p><em>Para acceder a algunos de los espacios de la web ser\u00e1 necesario facilitar determinados datos personales.<\/em><\/p>\n\n\n\n<p><em>&nbsp;SVLAW es el Responsable del Tratamiento, sus datos se tratar\u00e1n de forma confidencial con la finalidad de proporcionar el servicio contratado y aplicando las medidas de seguridad que correspondan conforme lo establecido por el RGPD. Puede encontrar m\u00e1s informaci\u00f3n en el apartado de <a href=\"http:\/\/www.abellarubiodental.cat\/legal\">pol\u00edtica de privacidad<\/a>.<\/em><\/p>\n\n\n\n<h3 class=\"wp-block-heading\">&nbsp;<\/h3>\n\n\n\n<h3 class=\"wp-block-heading\">Objetivos de la recogida de datos fuera del \u00e1mbito de aplicaci\u00f3n del RGPD.<\/h3>\n\n\n\n<p><em>Los datos de contacto recogidos se enfocan dentro de la relaci\u00f3n comercial que nos une, y se consideran recogidos&nbsp; en el ejercicio de la actividad comercial desarrollada por ambas partes, conforme lo establecido por el art\u00edculo 21 del la LSSICE se informa al usuario de que sus datos ser\u00e1n utilizados con la finalidad de enviar informaciones sobre bienes o servicios que puedan ser de su inter\u00e9s.<\/em><\/p>\n\n\n\n<p><em>Al mismo tiempo, los usuarios autorizan expresamente a la empresa a enviarles informaci\u00f3n comercial por v\u00eda electr\u00f3nica, respecto de acontecimientos, novedades y eventos organizados por SVLAW<\/em><\/p>\n\n\n\n<h3 class=\"wp-block-heading\">Oposici\u00f3n al tratamiento.<\/h3>\n\n\n\n<p><em>El usuario conforme lo establecido por el art\u00edculo 21 del la LSSICE puede en cualquier momento manifestar su oposici\u00f3n al tratamiento de sus datos as\u00ed como revocar su consentimiento (art. 22 LSSICE) enviando un correo a<\/em>&nbsp; <a href=\"mailto:info@svlaw.es\">info@svlaw.es<\/a><\/p>\n\n\n\n<h3 class=\"wp-block-heading\">&nbsp;<\/h3>\n\n\n\n<h3 class=\"wp-block-heading\">Veracidad y actualizaci\u00f3n de los datos<\/h3>\n\n\n\n<p><em>El usuario deber\u00e1 rellenar los formularios con datos verdaderos, exactos, completos y actuales. En el caso de que el usuario introduzca datos correspondientes a otra persona, se entender\u00e1 que tiene consentimiento expreso para ello de esta persona, y que \u00e9sta nos otorga autorizaci\u00f3n para realizar el tratamiento descrito. El usuario ser\u00e1 el \u00fanico responsable de cualquier da\u00f1o o perjuicio, directo o indirecto que pudiera ocasionar a cualquier persona a causa de la cumplimentaci\u00f3n del formulario con datos falsos, inexactos, incompletos o no actualizados.<\/em><\/p>\n\n\n\n<p><em>El usuario debe comunicar cualquier modificaci\u00f3n en los datos proporcionados con el fin de mantener sus datos debidamente actualizados.<\/em><\/p>\n\n\n\n<h2 class=\"wp-block-heading\"><em>&nbsp;<\/em><\/h2>\n\n\n\n<h3 class=\"wp-block-heading\">Pol\u00edtica de seguridad<\/h3>\n\n\n\n<p><em>SVLAW ha tomado todas las medidas legalmente requeridas para la protecci\u00f3n de datos personales; asimismo, han adoptado todos los dispositivos t\u00e9cnicos a su alcance para evitar la p\u00e9rdida, el mal uso, la alteraci\u00f3n, el acceso o el robo de los datos personales facilitados por los usuarios de la web. El usuario tendr\u00e1 en cuenta, sin embargo, que las medidas de seguridad en Internet no son absolutamente inviolables. Por esta raz\u00f3n aconsejamos consultar el apartado Recomendaciones de uso de Internet.<\/em><\/p>\n\n\n\n<h3 class=\"wp-block-heading\">Anal\u00edticas Web<\/h3>\n\n\n\n<p><em>Esta p\u00e1gina web emplea diversas anal\u00edticas para conocer la manera en que es buscada, accedida y utilizada por el p\u00fablico. Estas anal\u00edticas pueden implicar la recopilaci\u00f3n de datos de car\u00e1cter personal como por ejemplo la direcci\u00f3n IP, la localizaci\u00f3n de la conexi\u00f3n, la informaci\u00f3n sobre el software o hardware de navegaci\u00f3n, etc. Esta informaci\u00f3n no se asocia a los usuarios y se utiliza con la finalidad exclusiva de obtener informaci\u00f3n estad\u00edstica sobre el uso de la web de la empresa.<\/em><\/p>\n\n\n\n<h2 class=\"wp-block-heading\"><em>&nbsp;<\/em><\/h2>\n\n\n\n<h3 class=\"wp-block-heading\">Utilizaci\u00f3n de \u00abcookies\u00bb<\/h3>\n\n\n\n<p><em>Seg\u00fan se comunica en la primera capa de informaci\u00f3n si el usuario prosigue la navegaci\u00f3n entendemos que est\u00e9 expresamente otorgando su consentimiento para poder realizar dicho tratamiento.&nbsp; Para conocer el detalle sobre las cookies y complementos que se cargan en nuestra p\u00e1gina puede revisar nuestra <a href=\"http:\/\/www.abellarubiodental.cat\/cookies\">pol\u00edtica de cookies.<\/a><\/em><\/p>\n\n\n\n<p><strong><em>Cambios en las presentes condiciones legales<\/em><\/strong><\/p>\n\n\n\n<h6 class=\"wp-block-heading\"><em>Cambios en las condiciones de uso,&nbsp;aviso&nbsp;legal y pol\u00edtica de privacidad de esta web, <\/em><em>SVLAW<\/em><em> <\/em><em>se reserva el derecho de hacer cambios unilateralmente en las condiciones de uso, aviso&nbsp;legal y pol\u00edtica de privacidad de esta web. <\/em><em>SVLAW<\/em><em> <\/em><em>publicar\u00e1 dichos cambios en la web, siendo responsabilidad del usuario verificar peri\u00f3dicamente la existencia de dichos cambios. La utilizaci\u00f3n de esta web posterior a la publicaci\u00f3n de los cambios en la pol\u00edtica de uso constituye una aceptaci\u00f3n de los cambios, as\u00ed como del necesario y leg\u00edtimo tratamiento de datos personales.<\/em><\/h6>\n\n\n\n<h6 class=\"wp-block-heading\"><em>Prevalencia de la versi\u00f3n espa\u00f1ola<\/em><\/h6>\n\n\n\n<h2 class=\"wp-block-heading\"><em>&nbsp;<\/em><\/h2>\n\n\n\n<p><em>En caso de que se traduzca este<\/em>&nbsp;aviso&nbsp;<em>legal a otros idiomas, cuando haya discrepancia, la versi\u00f3n espa\u00f1ola prevalecer\u00e1.<\/em><\/p>\n\n\n\n<h2 class=\"wp-block-heading\"><em>&nbsp;<\/em><\/h2>\n\n\n\n<h2 class=\"wp-block-heading\"><em>Foro competente<\/em><\/h2>\n\n\n\n<h2 class=\"wp-block-heading\"><em>&nbsp;<\/em><\/h2>\n\n\n\n<p><em>La prestaci\u00f3n del servicio de esta web y las presentes condiciones de uso se rigen por la Ley espa\u00f1ola. Las partes, con renuncia expresa a cualquier otro fuero que pudiera corresponderles, acuerdan someterse a la jurisdicci\u00f3n de los Juzgados y Tribunales de Madrid.<\/em><\/p>\n\n\n\n<p><em>Actualizado: 26\/05\/2024<\/em><\/p>\n\n\n\n<p>Texto legal realizado por SVLAW.ES al que pertenecen todos los derechos de propiedad intelectual, se proh\u00edbe expresamente la reproducci\u00f3n de los mismos.<\/p>\n","protected":false},"excerpt":{"rendered":"<p>&nbsp;Identificaci\u00f3n de la empresa (Directiva UE &nbsp;2017\/1132 S. 2 y 3) &nbsp;&nbsp; Raz\u00f3n Social : &nbsp;SVLAW (ALEX S.V.) &nbsp;&nbsp; ICAB: 35290 \u2013 ABOGADO COLEGIADO &nbsp;&nbsp;&nbsp; Domicilio: C\/ General Mendoza 26 Resulta ser titular de los siguientes dominios: www.svlaw.es Datos de contacto: Telf: 932655131 E-mail: info@svlaw.es Condiciones de uso El presente&nbsp;aviso&nbsp;legal es un acuerdo&nbsp;legal&nbsp;entre el usuario [&hellip;]<\/p>\n","protected":false},"author":1,"featured_media":0,"parent":0,"menu_order":0,"comment_status":"closed","ping_status":"closed","template":"","meta":{"footnotes":""},"class_list":["post-24","page","type-page","status-publish","hentry"],"_links":{"self":[{"href":"https:\/\/svlaw.es\/index.php\/wp-json\/wp\/v2\/pages\/24","targetHints":{"allow":["GET"]}}],"collection":[{"href":"https:\/\/svlaw.es\/index.php\/wp-json\/wp\/v2\/pages"}],"about":[{"href":"https:\/\/svlaw.es\/index.php\/wp-json\/wp\/v2\/types\/page"}],"author":[{"embeddable":true,"href":"https:\/\/svlaw.es\/index.php\/wp-json\/wp\/v2\/users\/1"}],"replies":[{"embeddable":true,"href":"https:\/\/svlaw.es\/index.php\/wp-json\/wp\/v2\/comments?post=24"}],"version-history":[{"count":1,"href":"https:\/\/svlaw.es\/index.php\/wp-json\/wp\/v2\/pages\/24\/revisions"}],"predecessor-version":[{"id":25,"href":"https:\/\/svlaw.es\/index.php\/wp-json\/wp\/v2\/pages\/24\/revisions\/25"}],"wp:attachment":[{"href":"https:\/\/svlaw.es\/index.php\/wp-json\/wp\/v2\/media?parent=24"}],"curies":[{"name":"wp","href":"https:\/\/api.w.org\/{rel}","templated":true}]}}